{"id":10050,"date":"2025-04-29T16:32:57","date_gmt":"2025-04-29T14:32:57","guid":{"rendered":"https:\/\/cms.zdv.uni-mainz.de\/fb09-bodenkunde\/bibliography-of-sascha-scherer\/"},"modified":"2025-05-12T10:51:07","modified_gmt":"2025-05-12T08:51:07","slug":"bibliography-of-sascha-scherer","status":"publish","type":"page","link":"https:\/\/bodengeographie.uni-mainz.de\/en\/bibliography-of-sascha-scherer\/","title":{"rendered":"Bibliography of Sascha Scherer"},"content":{"rendered":"<h2 class=\"wp-block-post-title\">Bibliography of Sascha Scherer<\/h2><jgu-base-heading react-props=\"{\n    &quot;tags&quot;: {\n        &quot;htmlTag&quot;: &quot;h2&quot;,\n        &quot;classTag&quot;: &quot;h3&quot;,\n        &quot;tag&quot;: &quot;h2.h3&quot;\n    },\n    &quot;heading&quot;: &quot;Trade journals&quot;,\n    &quot;textAlign&quot;: &quot;left&quot;,\n    &quot;anchor&quot;: &quot;&quot;,\n    &quot;index&quot;: &quot;&quot;,\n    &quot;color&quot;: &quot;red&quot;\n}\"><\/jgu-base-heading>\n\n<p>2025<\/p>\n\n<p>Fiedler S., <strong>Scherer S.<\/strong> and Krause-Kyora B. (2025): Fecal lipid markers in tandem with ancient sedimentary DNA as a tool for tracing past livestock farming from soils and sediments. Front. Environ. Archaeol.    4:1544307.  <a href=\"https:\/\/doi.org\/10.3389\/fearc.2025.1544307\">https:\/\/doi.org\/10.3389\/fearc.2025.1544307\n <\/a><a href=\"\"><\/a><\/p>\n\n<p>Slabon, L.; B\u00e4umler, S.; Appel, E.; Fiedler, S.; Fischer, P.; Obrocki, L.; Pantelidis, G.; <strong>Scherer, S.<\/strong>; Thein, B.; Willersh\u00e4user, T., et al. (2025): A Previously Unknown Building Structure in Ancient Olympia (Western Peloponnese, Greece) Revealed by Geoarchaeological Investigations and Its Interpretation as a Possible Harbor. Heritage 2025, 8, 38. <a href=\"https:\/\/doi.org\/10.3390\/heritage8020038\">https:\/\/doi.org\/10.3390\/heritage8020038 <\/a><a href=\"\"><\/a>.<\/p>\n\n<p>2024<\/p>\n\n<p><strong>Scherer, S.<\/strong>, Birk, J.J., Klassen, S., Fiedler, S. (2024): A matter of extraction &#8211; Extraction yields and ratios of faecal lipid biomarker from archaeological soils using Soxhlet, Microwave-assisted and Accelerated-solvent extraction. Organic Geochemistry 197: 104863 <a href=\"https:\/\/doi.org\/10.1016\/j.orggeochem.2024.104863\">https:\/\/doi.org\/10.1016\/j.orggeochem.2024.104863 <\/a>  <a href=\"\"><\/a><\/p>\n\n<p><a href=\"https:\/\/bodengeographie.uni-mainz.de\/arbeitsgruppe\/sascha-scherer\/publikationen\/#page_start\">Top of page2023<\/a><\/p>\n\n<p><strong>Scherer S.<\/strong>, H\u00f6pfer B., Deckers K., Fuchs M., Kandeler E., Lehndorff E., Lomax J., Marhan S., Poll C., Wroth K., Knopf T., Scholten T. and K\u00fchn P. (2023): Archaeopedological reconstruction of Middle Bronze Age subsistence farming in SW-Germany from sedimentary archives in the Western Allg\u00e4u, Geoderma Regional 35. <a href=\"https:\/\/doi.org\/10.1016\/j.geodrs.2023.e00715\">https:\/\/doi.org\/10.1016\/j.geodrs.2023.e00715 <\/a><a href=\"\"><\/a>.<\/p>\n\n<p>2021<\/p>\n\n<p><strong>Scherer, S.<\/strong> (2021): Multi-proxy analysis of colluvial deposits: Archaeopedological reconstruction of land use practices in southwestern Germany, Doctoral dissertation, T\u00fcbingen University Press.<\/p>\n\n<p>H\u00f6pfer, B., Lutz, J., Krutter, S., <strong>Scherer, S.<\/strong>, K\u00fchn, P., Scholten, T., Knopf, T. (2021): Mitterbergkupfer am Bodensee? Ein Gusskuchenfragment aus der Mittelbronzezeitlichen Siedlung von Engen-Anselfingen (Lkr. Konstanz, Baden-W\u00fcrttemberg), Arch\u00e4ologisches Korrespondenzblatt 51:4.  <a href=\"https:\/\/doi.org\/10.11588\/ak.2021.4.93267\">https:\/\/doi.org\/10.11588\/ak.2021.4.93267\n <\/a><a href=\"\"><\/a><\/p>\n\n<p><strong>Scherer, S.<\/strong>, H\u00f6pfer, B., Deckers, K., Fischer, E., Fuchs, M., Kandeler E., Lechterbeck, J., Lehndorff, E., Lomax, J., Marhan, S., Marinova, E., Meister, J., Poll, C., Rahimova, H., R\u00f6sch, M., Wroth, K., Zastrow, J., Knopf, T. Scholten, T., K\u00fchn, P. (2021): Middle Bronze Age land use practices in the north-western Alpine foreland &#8211; A multi-proxy study of colluvial deposits, archaeological features and peat bogs<strong>, <\/strong>SOIL 7, 269-304. <a href=\"https:\/\/doi.org\/10.5194\/soil-7-269-2021\">https:\/\/doi. <\/a>org\/10.5194\/soil-7-269-2021  <a href=\"\"><\/a><\/p>\n\n<p>James, B .R., Teuber, S., Miera, J. J., Downey, S., Henkner, J., Knopf, T., Correa, F., H\u00f6pfer, B.,<strong> Scherer, S.,<\/strong> Michaelis, A., Wessel, B., Gibbons, K., K\u00fchn, P., Scholten, T. (2021): Soils, landscapes, and cultural concepts of favor and disfavor within complex adaptive systems and resource cultures. Human-land interactions during the holocene, Ecology and Society, 26(1):6.   <a href=\"https:\/\/doi.org\/10.5751\/ES-12155-260106\">https:\/\/doi.org\/10.5751\/ES-12155-260106\n <\/a><a href=\"\"><\/a><\/p>\n\n<p><strong>Scherer, S.<\/strong>, Deckers, D., Dietel, J., Fuchs, M., Henkner, J., H\u00f6pfer, B., Junge, A., Kandeler, E., Lehndorff, E., Leinweber, P., Lomax, J., Miera, J. J., Poll, C., Toffolo, M. B., Knopf, T., Scholten, T., K\u00fchn, P. (2021): What&#8217;s in a colluvial deposit? Perspectives from archaeopedology, Catena 198:105040.   <a href=\"https:\/\/doi.org\/10.1016\/j.catena.2020.105040\">https:\/\/doi.org\/10.1016\/j.catena.2020.105040\n <\/a><a href=\"\"><\/a><\/p>\n\n<p>H\u00f6pfer, B., Deckers, K., <strong>Scherer, S<\/strong>., Scholten, T., K\u00fchn, P., Knopf, T. (2021): Middle Bronze Age settlement finds from Engen-Anselfingen (Lkr. Konstanz, Baden-W\u00fcrttemberg): First insights into the structure and organization of the settlement, in: Elemente bronzezeitlicher Siedlungslandschaften, Studien zur nordeurop\u00e4ischen Bronzezeit 5, Wachholtz-Verlag.<\/p>\n<jgu-base-heading react-props=\"{\n    &quot;tags&quot;: {\n        &quot;htmlTag&quot;: &quot;h2&quot;,\n        &quot;classTag&quot;: &quot;h3&quot;,\n        &quot;tag&quot;: &quot;h2.h3&quot;\n    },\n    &quot;heading&quot;: &quot;Book chapter&quot;,\n    &quot;textAlign&quot;: &quot;left&quot;,\n    &quot;anchor&quot;: &quot;&quot;,\n    &quot;index&quot;: &quot;&quot;,\n    &quot;color&quot;: &quot;red&quot;\n}\"><\/jgu-base-heading>\n\n<p>H\u00f6pfer, B., <strong>Scherer, S<\/strong>., Greulich, D., Scholten, T., Knopf, T., K\u00fchn, P. (2022): Archaeopedological investigations in a Bronze Age cultural landscape near Anselfingen, in: Arch\u00e4ologische Ausgrabungen in Baden-W\u00fcrttemberg 2021, wbg Theiss, 24-27. ISBN: 978-3-8062-4550-9  <a href=\"\"><\/a><\/p>\n\n<p>H\u00f6pfer, B., Werner, S., <strong>Scherer, S.<\/strong>, Schmid, D., Scholten, T., K\u00fchn, P., Knopf, T. (2020): Valley settlement &#8211; hilltop settlement &#8211; burial site? Further research on the Bronze Age settlement of the western Allg\u00e4u near Leutkirch, in: Arch\u00e4ologische Ausgrabungen in Baden-W\u00fcrttemberg 2019, wbg Theiss, 24-27. ISBN: 978-3-8062-4221-8   <a href=\"\"><\/a><\/p>\n\n<p>H\u00f6pfer, B., <strong>Scherer, S.<\/strong>, Schmid, D., Hermann, J., Scholten, T., K\u00fchn, P., Knopf, T. (2019): Archaeological and Soil Science Investigations of the Bronze Age Settlement of the Western Allg\u00e4u near Leutkirch, Arch\u00e4ologische Ausgrabungen in Baden-W\u00fcrttemberg 2018, wbg Theiss, 31-35. ISBN: 978-3-8062-3962-1  <a href=\"\"><\/a><\/p>\n    <div style=\"display: none\">\n        \n    <\/div>","protected":false},"excerpt":{"rendered":"<p>2025 Fiedler S., Scherer S. and Krause-Kyora B. (2025): Fecal lipid markers in tandem with ancient sedimentary DNA as a tool for tracing past livestock farming from soils and sediments. Front. Environ. Archaeol. 4:1544307. https:\/\/doi.org\/10.3389\/fearc.2025.1544307 Slabon, L.; B\u00e4umler, S.; Appel, E.; Fiedler, S.; Fischer, P.; Obrocki, L.; Pantelidis, G.; Scherer, S.; Thein, B.; Willersh\u00e4user, T., &hellip; <a href=\"https:\/\/bodengeographie.uni-mainz.de\/en\/bibliography-of-sascha-scherer\/\">Continued<\/a><\/p>\n","protected":false},"author":1730,"featured_media":0,"parent":0,"menu_order":0,"comment_status":"closed","ping_status":"closed","template":"","meta":{"footnotes":""},"categories":[],"tags":[],"class_list":["post-10050","page","type-page","status-publish","hentry"],"content_raw":"<!-- wp:post-title \/--><!-- wp:jgu\/heading {\"tags\":{\"htmlTag\":\"h2\",\"classTag\":\"h3\",\"tag\":\"h2.h3\"},\"heading\":\"Trade journals\"} \/--><!-- wp:paragraph -->\n<p>2025<\/p>\n<!-- \/wp:paragraph --><!-- wp:paragraph {\"translatedWithWPMLTM\":\"1\"} -->\n<p>Fiedler S., <strong>Scherer S.<\/strong> and Krause-Kyora B. (2025): Fecal lipid markers in tandem with ancient sedimentary DNA as a tool for tracing past livestock farming from soils and sediments. Front. Environ. Archaeol.    4:1544307.  <a href=\"https:\/\/doi.org\/10.3389\/fearc.2025.1544307\">https:\/\/doi.org\/10.3389\/fearc.2025.1544307\n <\/a><a href=\"\"><\/a><\/p>\n<!-- \/wp:paragraph --><!-- wp:paragraph {\"translatedWithWPMLTM\":\"1\"} -->\n<p>Slabon, L.; B\u00e4umler, S.; Appel, E.; Fiedler, S.; Fischer, P.; Obrocki, L.; Pantelidis, G.; <strong>Scherer, S.<\/strong>; Thein, B.; Willersh\u00e4user, T., et al. (2025): A Previously Unknown Building Structure in Ancient Olympia (Western Peloponnese, Greece) Revealed by Geoarchaeological Investigations and Its Interpretation as a Possible Harbor. Heritage 2025, 8, 38. <a href=\"https:\/\/doi.org\/10.3390\/heritage8020038\">https:\/\/doi.org\/10.3390\/heritage8020038 <\/a><a href=\"\"><\/a>.<\/p>\n<!-- \/wp:paragraph --><!-- wp:paragraph -->\n<p>2024<\/p>\n<!-- \/wp:paragraph --><!-- wp:paragraph {\"translatedWithWPMLTM\":\"1\"} -->\n<p><strong>Scherer, S.<\/strong>, Birk, J.J., Klassen, S., Fiedler, S. (2024): A matter of extraction - Extraction yields and ratios of faecal lipid biomarker from archaeological soils using Soxhlet, Microwave-assisted and Accelerated-solvent extraction. Organic Geochemistry 197: 104863 <a href=\"https:\/\/doi.org\/10.1016\/j.orggeochem.2024.104863\">https:\/\/doi.org\/10.1016\/j.orggeochem.2024.104863 <\/a>  <a href=\"\"><\/a><\/p>\n<!-- \/wp:paragraph --><!-- wp:paragraph {\"translatedWithWPMLTM\":\"1\"} -->\n<p><a href=\"https:\/\/bodengeographie.uni-mainz.de\/arbeitsgruppe\/sascha-scherer\/publikationen\/#page_start\">Top of page2023<\/a><\/p>\n<!-- \/wp:paragraph --><!-- wp:paragraph -->\n<p><strong>Scherer S.<\/strong>, H\u00f6pfer B., Deckers K., Fuchs M., Kandeler E., Lehndorff E., Lomax J., Marhan S., Poll C., Wroth K., Knopf T., Scholten T. and K\u00fchn P. (2023): Archaeopedological reconstruction of Middle Bronze Age subsistence farming in SW-Germany from sedimentary archives in the Western Allg\u00e4u, Geoderma Regional 35. <a href=\"https:\/\/doi.org\/10.1016\/j.geodrs.2023.e00715\">https:\/\/doi.org\/10.1016\/j.geodrs.2023.e00715 <\/a><a href=\"\"><\/a>.<\/p>\n<!-- \/wp:paragraph --><!-- wp:paragraph -->\n<p>2021<\/p>\n<!-- \/wp:paragraph --><!-- wp:paragraph -->\n<p><strong>Scherer, S.<\/strong> (2021): Multi-proxy analysis of colluvial deposits: Archaeopedological reconstruction of land use practices in southwestern Germany, Doctoral dissertation, T\u00fcbingen University Press.<\/p>\n<!-- \/wp:paragraph --><!-- wp:paragraph {\"translatedWithWPMLTM\":\"1\"} -->\n<p>H\u00f6pfer, B., Lutz, J., Krutter, S., <strong>Scherer, S.<\/strong>, K\u00fchn, P., Scholten, T., Knopf, T. (2021): Mitterbergkupfer am Bodensee? Ein Gusskuchenfragment aus der Mittelbronzezeitlichen Siedlung von Engen-Anselfingen (Lkr. Konstanz, Baden-W\u00fcrttemberg), Arch\u00e4ologisches Korrespondenzblatt 51:4.  <a href=\"https:\/\/doi.org\/10.11588\/ak.2021.4.93267\">https:\/\/doi.org\/10.11588\/ak.2021.4.93267\n <\/a><a href=\"\"><\/a><\/p>\n<!-- \/wp:paragraph --><!-- wp:paragraph {\"translatedWithWPMLTM\":\"1\"} -->\n<p><strong>Scherer, S.<\/strong>, H\u00f6pfer, B., Deckers, K., Fischer, E., Fuchs, M., Kandeler E., Lechterbeck, J., Lehndorff, E., Lomax, J., Marhan, S., Marinova, E., Meister, J., Poll, C., Rahimova, H., R\u00f6sch, M., Wroth, K., Zastrow, J., Knopf, T. Scholten, T., K\u00fchn, P. (2021): Middle Bronze Age land use practices in the north-western Alpine foreland - A multi-proxy study of colluvial deposits, archaeological features and peat bogs<strong>, <\/strong>SOIL 7, 269-304. <a href=\"https:\/\/doi.org\/10.5194\/soil-7-269-2021\">https:\/\/doi. <\/a>org\/10.5194\/soil-7-269-2021  <a href=\"\"><\/a><\/p>\n<!-- \/wp:paragraph --><!-- wp:paragraph {\"translatedWithWPMLTM\":\"1\"} -->\n<p>James, B .R., Teuber, S., Miera, J. J., Downey, S., Henkner, J., Knopf, T., Correa, F., H\u00f6pfer, B.,<strong> Scherer, S.,<\/strong> Michaelis, A., Wessel, B., Gibbons, K., K\u00fchn, P., Scholten, T. (2021): Soils, landscapes, and cultural concepts of favor and disfavor within complex adaptive systems and resource cultures. Human-land interactions during the holocene, Ecology and Society, 26(1):6.   <a href=\"https:\/\/doi.org\/10.5751\/ES-12155-260106\">https:\/\/doi.org\/10.5751\/ES-12155-260106\n <\/a><a href=\"\"><\/a><\/p>\n<!-- \/wp:paragraph --><!-- wp:paragraph {\"translatedWithWPMLTM\":\"1\"} -->\n<p><strong>Scherer, S.<\/strong>, Deckers, D., Dietel, J., Fuchs, M., Henkner, J., H\u00f6pfer, B., Junge, A., Kandeler, E., Lehndorff, E., Leinweber, P., Lomax, J., Miera, J. J., Poll, C., Toffolo, M. B., Knopf, T., Scholten, T., K\u00fchn, P. (2021): What's in a colluvial deposit? Perspectives from archaeopedology, Catena 198:105040.   <a href=\"https:\/\/doi.org\/10.1016\/j.catena.2020.105040\">https:\/\/doi.org\/10.1016\/j.catena.2020.105040\n <\/a><a href=\"\"><\/a><\/p>\n<!-- \/wp:paragraph --><!-- wp:paragraph {\"translatedWithWPMLTM\":\"1\"} -->\n<p>H\u00f6pfer, B., Deckers, K., <strong>Scherer, S<\/strong>., Scholten, T., K\u00fchn, P., Knopf, T. (2021): Middle Bronze Age settlement finds from Engen-Anselfingen (Lkr. Konstanz, Baden-W\u00fcrttemberg): First insights into the structure and organization of the settlement, in: Elemente bronzezeitlicher Siedlungslandschaften, Studien zur nordeurop\u00e4ischen Bronzezeit 5, Wachholtz-Verlag.<\/p>\n<!-- \/wp:paragraph --><!-- wp:jgu\/heading {\"tags\":{\"htmlTag\":\"h2\",\"classTag\":\"h3\",\"tag\":\"h2.h3\"},\"heading\":\"Book chapter\"} \/--><!-- wp:paragraph {\"translatedWithWPMLTM\":\"1\"} -->\n<p>H\u00f6pfer, B., <strong>Scherer, S<\/strong>., Greulich, D., Scholten, T., Knopf, T., K\u00fchn, P. (2022): Archaeopedological investigations in a Bronze Age cultural landscape near Anselfingen, in: Arch\u00e4ologische Ausgrabungen in Baden-W\u00fcrttemberg 2021, wbg Theiss, 24-27. ISBN: 978-3-8062-4550-9  <a href=\"\"><\/a><\/p>\n<!-- \/wp:paragraph --><!-- wp:paragraph {\"translatedWithWPMLTM\":\"1\"} -->\n<p>H\u00f6pfer, B., Werner, S., <strong>Scherer, S.<\/strong>, Schmid, D., Scholten, T., K\u00fchn, P., Knopf, T. (2020): Valley settlement - hilltop settlement - burial site? Further research on the Bronze Age settlement of the western Allg\u00e4u near Leutkirch, in: Arch\u00e4ologische Ausgrabungen in Baden-W\u00fcrttemberg 2019, wbg Theiss, 24-27. ISBN: 978-3-8062-4221-8   <a href=\"\"><\/a><\/p>\n<!-- \/wp:paragraph --><!-- wp:paragraph {\"translatedWithWPMLTM\":\"1\"} -->\n<p>H\u00f6pfer, B., <strong>Scherer, S.<\/strong>, Schmid, D., Hermann, J., Scholten, T., K\u00fchn, P., Knopf, T. (2019): Archaeological and Soil Science Investigations of the Bronze Age Settlement of the Western Allg\u00e4u near Leutkirch, Arch\u00e4ologische Ausgrabungen in Baden-W\u00fcrttemberg 2018, wbg Theiss, 31-35. ISBN: 978-3-8062-3962-1  <a href=\"\"><\/a><\/p>\n<!-- \/wp:paragraph -->","_links":{"self":[{"href":"https:\/\/bodengeographie.uni-mainz.de\/en\/wp-json\/wp\/v2\/pages\/10050","targetHints":{"allow":["GET"]}}],"collection":[{"href":"https:\/\/bodengeographie.uni-mainz.de\/en\/wp-json\/wp\/v2\/pages"}],"about":[{"href":"https:\/\/bodengeographie.uni-mainz.de\/en\/wp-json\/wp\/v2\/types\/page"}],"author":[{"embeddable":true,"href":"https:\/\/bodengeographie.uni-mainz.de\/en\/wp-json\/wp\/v2\/users\/1730"}],"replies":[{"embeddable":true,"href":"https:\/\/bodengeographie.uni-mainz.de\/en\/wp-json\/wp\/v2\/comments?post=10050"}],"version-history":[{"count":4,"href":"https:\/\/bodengeographie.uni-mainz.de\/en\/wp-json\/wp\/v2\/pages\/10050\/revisions"}],"predecessor-version":[{"id":10397,"href":"https:\/\/bodengeographie.uni-mainz.de\/en\/wp-json\/wp\/v2\/pages\/10050\/revisions\/10397"}],"wp:attachment":[{"href":"https:\/\/bodengeographie.uni-mainz.de\/en\/wp-json\/wp\/v2\/media?parent=10050"}],"wp:term":[{"taxonomy":"category","embeddable":true,"href":"https:\/\/bodengeographie.uni-mainz.de\/en\/wp-json\/wp\/v2\/categories?post=10050"},{"taxonomy":"post_tag","embeddable":true,"href":"https:\/\/bodengeographie.uni-mainz.de\/en\/wp-json\/wp\/v2\/tags?post=10050"}],"curies":[{"name":"wp","href":"https:\/\/api.w.org\/{rel}","templated":true}]}}